{"id":3855,"date":"2025-05-28T05:13:24","date_gmt":"2025-05-28T05:13:24","guid":{"rendered":"https:\/\/crescent.com.hk\/?page_id=3855"},"modified":"2025-05-29T04:36:51","modified_gmt":"2025-05-29T04:36:51","slug":"ms-2m202","status":"publish","type":"page","link":"https:\/\/crescent.com.hk\/index.php\/productcatalogue\/shuter\/ms-fo\/ms-2m202\/","title":{"rendered":"MS-2M202 \u96d9\u9762\u5feb\u53d6\u8eca"},"content":{"rendered":"<p><center><img loading=\"lazy\" decoding=\"async\" class=\"alignnone size-full wp-image-860\" src=\"https:\/\/crescent.com.hk\/wp-content\/uploads\/2025\/04\/MS-2M202-\u96d9\u9762\u5feb\u53d6\u8eca-\u5df2\u7d44\u88dd.jpg\" alt=\"\" width=\"500\" height=\"500\" srcset=\"https:\/\/crescent.com.hk\/wp-content\/uploads\/2025\/04\/MS-2M202-\u96d9\u9762\u5feb\u53d6\u8eca-\u5df2\u7d44\u88dd.jpg 500w, https:\/\/crescent.com.hk\/wp-content\/uploads\/2025\/04\/MS-2M202-\u96d9\u9762\u5feb\u53d6\u8eca-\u5df2\u7d44\u88dd-300x300.jpg 300w, https:\/\/crescent.com.hk\/wp-content\/uploads\/2025\/04\/MS-2M202-\u96d9\u9762\u5feb\u53d6\u8eca-\u5df2\u7d44\u88dd-150x150.jpg 150w\" sizes=\"auto, (max-width: 500px) 100vw, 500px\" \/><br \/>\nMS-2M202 \u96d9\u9762\u5feb\u53d6\u8eca<br \/>\n\u5c3a\u5bf8\uff1a690Wx560Dx1460Hmm<br \/>\n\u984f\u8272\uff1a\u9ed1\u8272<br \/>\n\u5167\u914d\uff1aO-308\u00d72 + FO-306\u00d72 + FO-605\u00d72 + FO-604\u00d72 +<br \/>\nMS-06\u6a6b\u639b\u677fx6 + MS-630\u5feb\u53d6\u8eca(\u7a7a\u8eca)x1 +<br \/>\nNMS-HP-06-5\u55ae\u67b6\u5f0f\u639b\u677fx2 + NMS-HP-06-82\u65b9\u5b54\u639b\u677fx2<\/center>&nbsp;<br \/>\n<center><br \/>\n\u6b61\u8fce\u67e5\u8a62<br \/>\n\u96fb\u8a71\uff1a2771 2333 \/<br \/>\n\u50b3\u771f\uff1a2771 5333 \/<br \/>\n\u96fb\u90f5\uff1a<a href=\"mailto:crescent.ofhk@gmail.com\"><span style=\"color: blue;\">crescent.ofhk@gmail.com<\/span><\/a><\/center>&nbsp;<br \/>\n<center><span style=\"color: blue;\"><a href=\"https:\/\/crescent.com.hk\/index.php\/productcatalogue\/\">\u7522\u54c1\u76ee\u9304<\/a><\/span>\u3000\u3000<span style=\"color: blue;\"><a href=\"https:\/\/crescent.com.hk\/index.php\/productcatalogue\/shuter\/ms-fo\/\">MS-FO \u5feb\u53d6\u5206\u985e\u8eca<\/a><\/span>\u3000\u3000<span style=\"color: blue;\"><a href=\"mailto:crescent.ofhk@gmail.com\">\u67e5\u8a62\u5831\u50f9<\/a><\/span><\/center><\/p>\n","protected":false},"excerpt":{"rendered":"<p>MS-2M202 \u96d9\u9762\u5feb\u53d6\u8eca \u5c3a\u5bf8\uff1a690Wx560Dx1460Hmm \u984f\u8272\uff1a\u9ed1\u8272 \u5167\u914d\uff1aO-308\u00d72 +  [&hellip;]<\/p>\n","protected":false},"author":1,"featured_media":0,"parent":1018,"menu_order":0,"comment_status":"closed","ping_status":"closed","template":"","meta":{"footnotes":""},"class_list":["post-3855","page","type-page","status-publish","hentry"],"_links":{"self":[{"href":"https:\/\/crescent.com.hk\/index.php\/wp-json\/wp\/v2\/pages\/3855","targetHints":{"allow":["GET"]}}],"collection":[{"href":"https:\/\/crescent.com.hk\/index.php\/wp-json\/wp\/v2\/pages"}],"about":[{"href":"https:\/\/crescent.com.hk\/index.php\/wp-json\/wp\/v2\/types\/page"}],"author":[{"embeddable":true,"href":"https:\/\/crescent.com.hk\/index.php\/wp-json\/wp\/v2\/users\/1"}],"replies":[{"embeddable":true,"href":"https:\/\/crescent.com.hk\/index.php\/wp-json\/wp\/v2\/comments?post=3855"}],"version-history":[{"count":2,"href":"https:\/\/crescent.com.hk\/index.php\/wp-json\/wp\/v2\/pages\/3855\/revisions"}],"predecessor-version":[{"id":4417,"href":"https:\/\/crescent.com.hk\/index.php\/wp-json\/wp\/v2\/pages\/3855\/revisions\/4417"}],"up":[{"embeddable":true,"href":"https:\/\/crescent.com.hk\/index.php\/wp-json\/wp\/v2\/pages\/1018"}],"wp:attachment":[{"href":"https:\/\/crescent.com.hk\/index.php\/wp-json\/wp\/v2\/media?parent=3855"}],"curies":[{"name":"wp","href":"https:\/\/api.w.org\/{rel}","templated":true}]}}